{"id":1972,"date":"2021-07-18T23:27:15","date_gmt":"2021-07-18T21:27:15","guid":{"rendered":"https:\/\/www.stn-tressage.com\/rechtliche-hinweise\/"},"modified":"2024-02-12T14:25:12","modified_gmt":"2024-02-12T13:25:12","slug":"rechtliche-hinweise","status":"publish","type":"page","link":"https:\/\/www.stn-tressage.com\/de\/rechtliche-hinweise\/","title":{"rendered":"Rechtliche Hinweise"},"content":{"rendered":"\n<h2 class=\"wp-block-heading\">1. SEITENVORSTELLUNG<\/h2>\n\n<p>Eigent\u00fcmer : STN Tressage &#8211; 4B rue amp\u00e8re 59560 Comines<br\/>Tel. +33 (0)3.20.39.36.63<br\/>E-Mail: contact@stn-tressage.com<br\/>Firmenname: STN TRESSAGE SAS mit einem Kapital von 1.000.000,00 \u20ac, unter der Sirenen-Nummer 513435354 und der Siret-Nummer 51343535400024<\/p>\n\n<p>Leiter der Ver\u00f6ffentlichung: Herr Mathias Fauchille<br\/>Webmaster : Agence la Cocotte &#8211; contact@agence-lacocotte.fr<br\/>IONOS SARL SARL mit einem Kapital von 100.000 EUR RCS Sarreguemines B 431 303 775 SIRET 431 303 775 000 16 Code APE: 6201Z Intrakommunale Identifikation FR 13 431303775<\/p>\n\n<p>Credits: Agentur la Cocotte<\/p>\n\n<p><\/p>\n\n<h2 class=\"wp-block-heading\">2. ALLGEMEINE BEDINGUNGEN F\u00dcR DIE NUTZUNG DER WEBSITE UND DER ANGEBOTENEN DIENSTE<\/h2>\n\n<p>Die Nutzung der Website STN Tressage &#8211; www.stn-tressage.com setzt die vollst\u00e4ndige und uneingeschr\u00e4nkte Annahme der nachstehend beschriebenen allgemeinen Nutzungsbedingungen voraus.<br\/>Diese Nutzungsbedingungen k\u00f6nnen jederzeit ge\u00e4ndert oder erg\u00e4nzt werden. Nutzer der Website www.stn-tressage.com werden daher gebeten, sie regelm\u00e4\u00dfig zu konsultieren.<br\/>Diese Seite ist normalerweise jederzeit f\u00fcr die Nutzer zug\u00e4nglich. STN Tressage wird sich bem\u00fchen, die Nutzer vorab \u00fcber die Daten und Zeiten des Eingriffs zu informieren.<br\/>Die Website www.stn-tressage.com wird regelm\u00e4\u00dfig von STN Tressage aktualisiert. Ebenso k\u00f6nnen die rechtlichen Hinweise jederzeit ge\u00e4ndert werden, sie sind dennoch f\u00fcr den Nutzer verbindlich, der aufgefordert wird, sie so oft wie m\u00f6glich zu lesen, um sie zur Kenntnis zu nehmen.<\/p>\n\n<p><\/p>\n\n<h2 class=\"wp-block-heading\">3. BESCHREIBUNG DER ERBRACHTEN LEISTUNGEN<\/h2>\n\n<p>Die Website www.stn-tressage.com soll Informationen \u00fcber die Aktivit\u00e4ten des Unternehmens liefern.<\/p>\n\n<p>STN Tressage bem\u00fcht sich, auf der Website www.stn-tressage.com m\u00f6glichst genaue Informationen zur Verf\u00fcgung zu stellen. Er kann jedoch nicht f\u00fcr Auslassungen, Ungenauigkeiten und M\u00e4ngel in der Aktualisierung haftbar gemacht werden, unabh\u00e4ngig davon, ob diese durch ihn oder durch dritte Partner, die ihm diese Informationen zur Verf\u00fcgung stellen, verursacht wurden. Alle auf der Website www.stn-tressage.com angegebenen Informationen sind unverbindlich und k\u00f6nnen sich \u00e4ndern. Dar\u00fcber hinaus sind die Informationen auf der Website www.stn-tressage.com nicht ersch\u00f6pfend. Sie sind vorbehaltlich aller \u00c4nderungen, die seit ihrer Ver\u00f6ffentlichung vorgenommen wurden.<\/p>\n\n<p><\/p>\n\n<h2 class=\"wp-block-heading\">4. VERTRAGLICHE EINSCHR\u00c4NKUNGEN DER TECHNISCHEN DATEN<\/h2>\n\n<p>Die Website verwendet die WordPress-Technologie.<br\/>Die Website haftet nicht f\u00fcr materielle Sch\u00e4den, die mit der Nutzung der Website verbunden sind. Dar\u00fcber hinaus verpflichtet sich der Nutzer der Website, auf die Website mit einer aktuellen Hardware zuzugreifen, die keine Viren enth\u00e4lt, und mit einem Browser der neuesten Generation, der auf den neuesten Stand gebracht wurde.<\/p>\n\n<p><\/p>\n\n<h2 class=\"wp-block-heading\">5. GEISTIGES EIGENTUM UND F\u00c4LSCHUNGEN<\/h2>\n\n<p>STN Tressage besitzt das geistige Eigentum sowie die Nutzungsrechte an allen auf der Website zug\u00e4nglichen Elementen, insbesondere an Texten, Bildern, Grafiken, Logos, Icons, T\u00f6nen und Software.<\/p>\n\n<p>Jede Vervielf\u00e4ltigung, Darstellung, \u00c4nderung, Ver\u00f6ffentlichung und Anpassung aller oder eines Teils der Elemente der Website, unabh\u00e4ngig von den verwendeten Mitteln oder Verfahren, ist untersagt, es sei denn, STN Tressage hat zuvor eine schriftliche Genehmigung erteilt.<\/p>\n\n<p>Jede nicht genehmigte Nutzung der Website oder eines ihrer Elemente wird als F\u00e4lschung angesehen und gem\u00e4\u00df den Bestimmungen der Artikel L.335-2 ff. des franz\u00f6sischen Gesetzbuchs \u00fcber geistiges Eigentum (Code de Propri\u00e9t\u00e9 Intellectuelle) verfolgt.<\/p>\n\n<h2 class=\"wp-block-heading\">6. HAFTUNGSBESCHR\u00c4NKUNGEN<\/h2>\n\n<p>STN Tressage haftet nicht f\u00fcr direkte und indirekte Sch\u00e4den an der Hardware des Nutzers beim Zugriff auf die Website www.stn-tressage.com, die entweder durch die Verwendung einer Hardware entstehen, die nicht den in Punkt 4 angegebenen Spezifikationen entspricht, oder durch das Auftreten eines Bugs oder einer Inkompatibilit\u00e4t.<\/p>\n\n<p>STN Tressage kann auch nicht f\u00fcr indirekte Sch\u00e4den haftbar gemacht werden, die aus der Nutzung der Website www.stn-tressage.com resultieren.<\/p>\n\n<p><\/p>\n\n<h2 class=\"wp-block-heading\">7. VERWALTUNG DER PERS\u00d6NLICHEN DATEN<\/h2>\n\n<p>STN Tressage speichert keine personenbezogenen Daten im Zusammenhang mit Nutzern, die sich auf www.stn-tressage.com einloggen.<\/p>\n\n<p><\/p>\n\n<h2 class=\"wp-block-heading\">8. HYPERLINKS UND COOKIES<\/h2>\n\n<p>Von der Website installierte Cookies<\/p>\n\n<p>Das Surfen auf der Website www.stn-tressage.com kann dazu f\u00fchren, dass auf dem Computer des Nutzers ein Cookie(s) installiert wird.<br\/>Ein Cookie ist eine kleine Datei, die keine Identifizierung des Nutzers erm\u00f6glicht, aber Informationen \u00fcber die Navigation eines Computers auf einer Website speichert. Die so gewonnenen Daten sollen die sp\u00e4tere Navigation auf der Website erleichtern und dienen auch dazu, verschiedene Messungen der Besucherzahlen zu erm\u00f6glichen.<\/p>\n\n<p>Auf der Website www.stn-tressage.com werden analytische Cookies verwendet.<\/p>\n\n<p>Der Nutzer kann seinen Computer jedoch wie folgt konfigurieren, um die Installation von Cookies abzulehnen:<\/p>\n\n<p>Im Internet Explorer: Registerkarte Werkzeuge (Zahnrad-Piktogramm oben rechts) \/ Internetoptionen. Klicken Sie auf Datenschutz und w\u00e4hlen Sie Alle Cookies blockieren. Best\u00e4tigen Sie mit Ok.<\/p>\n\n<p>Unter Firefox: Klicken Sie oben im Browserfenster auf die Firefox-Schaltfl\u00e4che und gehen Sie dann auf die Registerkarte Optionen. Klicken Sie auf die Registerkarte Privatsph\u00e4re. Stellen Sie die Aufbewahrungsregeln ein auf: Benutzerdefinierte Einstellungen f\u00fcr den Verlauf verwenden. Entfernen Sie schlie\u00dflich das H\u00e4kchen, um die Cookies zu deaktivieren.<\/p>\n\n<p>Unter Safari: Klicken Sie in der oberen rechten Ecke des Browsers auf das Men\u00fc-Piktogramm (symbolisiert durch ein Zahnrad). W\u00e4hlen Sie Einstellungen.<br\/>Klicken Sie auf Erweiterte Einstellungen anzeigen. Klicken Sie im Abschnitt &#8222;Datenschutz&#8220; auf Inhaltseinstellungen. Im Abschnitt &#8222;Cookies&#8220; k\u00f6nnen Sie Cookies blockieren.<\/p>\n\n<p>Google Analytics Cookies<br\/>Die Daten, die mithilfe von Cookies gesammelt werden, die von diesem Blog abgelegt werden, werden von Google Analytics gesammelt. Hier k\u00f6nnen Sie die Datenschutzbestimmungen von Google Analytics einsehen.<br\/>Wenn Sie sich die Verwendung von Google Analytics Cookies im Detail ansehen m\u00f6chten.<\/p>\n\n<p>Die von Google Analytics installierten Cookies :<br\/>_ga<br\/>_gat<\/p>\n\n<p><\/p>\n\n<h2 class=\"wp-block-heading\">9. ANWENDBARES RECHT UND GERICHTSBARKEIT<\/h2>\n\n<p>Alle Streitigkeiten im Zusammenhang mit der Nutzung der Website www.stn-tressage.com unterliegen dem franz\u00f6sischen Recht. Ausschlie\u00dflicher Gerichtsstand ist das zust\u00e4ndige Gericht am Wohnsitz des Verteidigers bei nat\u00fcrlichen Personen oder am Ort des Gesch\u00e4ftssitzes bei juristischen Personen.<\/p>\n\n<h2 class=\"wp-block-heading\">10. DIE WICHTIGSTEN BETROFFENEN GESETZE<\/h2>\n\n<p>Gesetz Nr. 78-17 vom 6. Januar 1978, insbesondere ge\u00e4ndert durch das Gesetz Nr. 2004-801 vom 6. August 2004 \u00fcber Informatik, Dateien und Freiheitsrechte.<\/p>\n\n<p><\/p>\n\n<h2 class=\"wp-block-heading\">11. NUTZERRECHTE<\/h2>\n\n<p>Um eines seiner Rechte auszu\u00fcben, muss der Nutzer eine Anfrage an STN Tressage richten, entweder per Post mit Empfangsbest\u00e4tigung an die folgende Adresse: STN Tressage &#8211; 4 B RUE AMPERE 59560 COMINES oder per E-Mail an die folgende Adresse: contact@stn-tressage.com.<br\/><br\/>STN Tressage verpflichtet sich, den Empfang jeder diesbez\u00fcglichen Anfrage eines Nutzers zu best\u00e4tigen und diese so schnell wie m\u00f6glich zu bearbeiten.<br\/>Die Nutzer haben das Recht, eine Beschwerde bei einer Kontrollbeh\u00f6rde einzureichen, d. h. bei der CNIL in Frankreich, oder sich in die Bloctel-Liste zur Verhinderung von Telefonwerbung einzutragen, damit sie nicht mehr von Unternehmen bel\u00e4stigt werden, bei denen die Nutzer keine Kunden sind.<br\/>Zur Erinnerung: Gem\u00e4\u00df der DSGVO haben die Nutzerinnen und Nutzer das Recht :<\/p>\n\n<ul class=\"wp-block-list\">\n<li>eine Best\u00e4tigung dar\u00fcber zu erhalten, ob personenbezogene Daten verarbeitet werden oder nicht, und, wenn dies der Fall ist, Zugang zu diesen personenbezogenen Daten zu erhalten,<\/li>\n\n\n\n<li>unrichtige Pers\u00f6nliche Daten zu berichtigen und sie unter Ber\u00fccksichtigung der Zwecke der Verarbeitung zu vervollst\u00e4ndigen,<\/li>\n\n\n\n<li>die L\u00f6schung Pers\u00f6nlicher Daten zu erwirken, insbesondere wenn:<br\/>die Pers\u00f6nlichen Daten sind f\u00fcr die Zwecke, f\u00fcr die sie verarbeitet wurden, nicht mehr erforderlich,<\/li>\n\n\n\n<li>die Pers\u00f6nlichen Daten unrechtm\u00e4\u00dfig verarbeitet wurden,<\/li>\n\n\n\n<li>die Pers\u00f6nlichen Daten m\u00fcssen gel\u00f6scht werden, um einer rechtlichen Verpflichtung nachzukommen,<\/li>\n\n\n\n<li>die Verarbeitung seiner Pers\u00f6nlichen Daten zu beschr\u00e4nken, insbesondere wenn deren Richtigkeit bestritten wird oder die Verarbeitung unrechtm\u00e4\u00dfig ist,<\/li>\n\n\n\n<li>auf die \u00dcbertragbarkeit seiner Pers\u00f6nlichen Daten, d. h. das Recht, die Pers\u00f6nlichen Daten zu erhalten,<\/li>\n\n\n\n<li>in einem strukturierten, g\u00e4ngigen und maschinenlesbaren Format, um sie an einen anderen f\u00fcr die Verarbeitung Verantwortlichen zu \u00fcbermitteln, vorausgesetzt, dass die betreffende Verarbeitung der Pers\u00f6nlichen Daten mithilfe automatisierter (computergest\u00fctzter) Verfahren erfolgt.<\/li>\n<\/ul>\n\n<p><\/p>\n\n<h2 class=\"wp-block-heading\">12. LEXIKON<\/h2>\n\n<p>Nutzer: Internetnutzer, der sich einloggt und die oben genannte Website nutzt.<br\/>Pers\u00f6nliche Daten: &#8222;Informationen, die in jeglicher Form, direkt oder indirekt, die Identifizierung der nat\u00fcrlichen Personen erm\u00f6glichen, auf die sie sich beziehen&#8220; (Artikel 4 des Gesetzes Nr. 78-17 vom 6. Januar 1978).<br\/>DSGVO: Verordnung (EU) Nr. 2016\/679 des Europ\u00e4ischen Parlaments und des Rates vom 27. April 2016 (die sogenannte &#8222;Datenschutz-Grundverordnung&#8220;).<\/p>\n","protected":false},"excerpt":{"rendered":"<p>1. SEITENVORSTELLUNG Eigent\u00fcmer : STN Tressage &#8211; 4B rue amp\u00e8re 59560 CominesTel. +33 (0)3.20.39.36.63E-Mail: contact@stn-tressage.comFirmenname: STN TRESSAGE SAS mit einem Kapital von 1.000.000,00 \u20ac, unter der Sirenen-Nummer 513435354 und der Siret-Nummer 51343535400024 Leiter der Ver\u00f6ffentlichung: Herr Mathias FauchilleWebmaster : Agence la Cocotte &#8211; contact@agence-lacocotte.frIONOS SARL SARL mit einem Kapital von 100.000 EUR RCS Sarreguemines B [&hellip;]<\/p>\n","protected":false},"author":1,"featured_media":0,"parent":0,"menu_order":0,"comment_status":"closed","ping_status":"closed","template":"template-pages\/mentions.php","meta":{"_acf_changed":false,"inline_featured_image":false,"footnotes":""},"class_list":["post-1972","page","type-page","status-publish","hentry"],"acf":[],"_links":{"self":[{"href":"https:\/\/www.stn-tressage.com\/de\/wp-json\/wp\/v2\/pages\/1972","targetHints":{"allow":["GET"]}}],"collection":[{"href":"https:\/\/www.stn-tressage.com\/de\/wp-json\/wp\/v2\/pages"}],"about":[{"href":"https:\/\/www.stn-tressage.com\/de\/wp-json\/wp\/v2\/types\/page"}],"author":[{"embeddable":true,"href":"https:\/\/www.stn-tressage.com\/de\/wp-json\/wp\/v2\/users\/1"}],"replies":[{"embeddable":true,"href":"https:\/\/www.stn-tressage.com\/de\/wp-json\/wp\/v2\/comments?post=1972"}],"version-history":[{"count":3,"href":"https:\/\/www.stn-tressage.com\/de\/wp-json\/wp\/v2\/pages\/1972\/revisions"}],"predecessor-version":[{"id":2029,"href":"https:\/\/www.stn-tressage.com\/de\/wp-json\/wp\/v2\/pages\/1972\/revisions\/2029"}],"wp:attachment":[{"href":"https:\/\/www.stn-tressage.com\/de\/wp-json\/wp\/v2\/media?parent=1972"}],"curies":[{"name":"wp","href":"https:\/\/api.w.org\/{rel}","templated":true}]}}