{"id":2043,"date":"2021-07-18T23:27:15","date_gmt":"2021-07-18T21:27:15","guid":{"rendered":"https:\/\/www.stn-tressage.com\/informacion-juridica\/"},"modified":"2024-01-17T11:05:10","modified_gmt":"2024-01-17T10:05:10","slug":"informacion-juridica","status":"publish","type":"page","link":"https:\/\/www.stn-tressage.com\/es\/informacion-juridica\/","title":{"rendered":"Informaci\u00f3n jur\u00eddica"},"content":{"rendered":"\n<h2 class=\"wp-block-heading\">1. PRESENTACI\u00d3N DEL SITIO<\/h2>\n\n<p>Propietario: STN Tressage &#8211; 4B rue amp\u00e8re 59560 Comines<br\/>Tel. +33 (0)3.20.39.36.63<br\/>Correo electr\u00f3nico: contact@stn-tressage.com<br\/>Nombre de la empresa: STN TRESSAGE SAS con capital de 1.000.000,00 euros, bajo el n\u00famero de sirena 513435354 y el n\u00famero de sirena 51343535400024<\/p>\n\n<p>Director de la publicaci\u00f3n: Sr. Mathias Fauchille<br\/>Webmaster: Agence la Cocotte &#8211; contact@agence-lacocotte.fr<br\/>IONOS SARL SARL au capital de 100 000 EUR RCS Sarreguemines B 431 303 775 SIRET 431 303 775 000 16 C\u00f3digo APE: 6201Z Identificaci\u00f3n intracomunitaria FR 13 431303775<\/p>\n\n<p>Cr\u00e9ditos: Agence la Cocotte<\/p>\n\n<p><\/p>\n\n<h2 class=\"wp-block-heading\">2. CONDICIONES GENERALES DE UTILIZACI\u00d3N DEL SITIO Y DE LOS SERVICIOS OFRECIDOS<\/h2>\n\n<p>El uso del sitio web de STN Tressage &#8211; www.stn-tressage.com implica la plena aceptaci\u00f3n de las condiciones generales de uso que se exponen a continuaci\u00f3n.<br\/>Estas condiciones de uso pueden modificarse o completarse en cualquier momento, por lo que se recomienda a los usuarios del sitio web www.stn-tressage.com que las consulten peri\u00f3dicamente.<br\/>Este sitio es normalmente accesible a los usuarios en todo momento. No obstante, STN Tressage puede decidir interrumpir el sitio web por motivos de mantenimiento t\u00e9cnico. En tal caso, STN Tressage se esforzar\u00e1 por informar a los usuarios de las fechas y horas de la intervenci\u00f3n con antelaci\u00f3n.<br\/>El sitio web www.stn-tressage.com es actualizado peri\u00f3dicamente por STN Tressage. Del mismo modo, los avisos legales pueden modificarse en cualquier momento. No obstante, son vinculantes para el usuario, a quien se invita a consultarlos con la mayor frecuencia posible para su lectura.<\/p>\n\n<p><\/p>\n\n<h2 class=\"wp-block-heading\">3. DESCRIPCI\u00d3N DE LOS SERVICIOS PRESTADOS<\/h2>\n\n<p>El objetivo del sitio web www.stn-tressage.com es ofrecer informaci\u00f3n sobre las actividades de la empresa.<\/p>\n\n<p>STN Tressage se esfuerza por ofrecer en el sitio web www.stn-tressage.com informaci\u00f3n lo m\u00e1s exacta posible. No obstante, no podr\u00e1 ser considerada responsable de las omisiones, inexactitudes o falta de actualizaci\u00f3n de la informaci\u00f3n, ya sean causadas por ella misma o por terceros asociados que faciliten la informaci\u00f3n. Toda la informaci\u00f3n facilitada en el sitio web www.stn-tressage.com se ofrece a t\u00edtulo meramente informativo y est\u00e1 sujeta a cambios. La informaci\u00f3n del sitio web www.stn-tressage.com no es exhaustiva. Se facilitan sin perjuicio de las modificaciones que puedan haberse introducido desde su puesta en l\u00ednea.<\/p>\n\n<p><\/p>\n\n<h2 class=\"wp-block-heading\">4. LIMITACIONES CONTRACTUALES DE LOS DATOS T\u00c9CNICOS<\/h2>\n\n<p>El sitio utiliza la tecnolog\u00eda WordPress.<br\/>El sitio web no se hace responsable de los da\u00f1os materiales derivados de su uso. Adem\u00e1s, los usuarios del sitio se comprometen a acceder a \u00e9l utilizando equipos recientes, libres de virus y con un navegador actualizado de \u00faltima generaci\u00f3n.<\/p>\n\n<p><\/p>\n\n<h2 class=\"wp-block-heading\">5. PROPIEDAD INTELECTUAL Y FALSIFICACI\u00d3N<\/h2>\n\n<p>STN Tressage posee la propiedad intelectual y los derechos de uso de todos los elementos accesibles en el sitio, incluidos textos, im\u00e1genes, gr\u00e1ficos, logotipos, iconos, sonidos y software.<\/p>\n\n<p>Toda reproducci\u00f3n, representaci\u00f3n, modificaci\u00f3n, publicaci\u00f3n, adaptaci\u00f3n de la totalidad o parte de los elementos del sitio, cualesquiera que sean los medios o procedimientos utilizados, est\u00e1 prohibida, salvo autorizaci\u00f3n previa por escrito de STN Tressage.<\/p>\n\n<p>Cualquier uso no autorizado del sitio o de cualquiera de los elementos que contiene se considerar\u00e1 constitutivo de infracci\u00f3n y ser\u00e1 perseguido de conformidad con lo dispuesto en los art\u00edculos L.335-2 y siguientes del C\u00f3digo franc\u00e9s de la Propiedad Intelectual.<\/p>\n\n<h2 class=\"wp-block-heading\">6. LIMITACIONES DE RESPONSABILIDAD<\/h2>\n\n<p>STN Tressage no podr\u00e1 ser considerada responsable de los da\u00f1os directos o indirectos causados al equipo del usuario al acceder al sitio web www.stn-tressage.com, derivados bien del uso de un equipo que no cumpla las especificaciones indicadas en el punto 4, bien de la aparici\u00f3n de un error o incompatibilidad.<\/p>\n\n<p>STN Tressage no se hace responsable de los da\u00f1os indirectos derivados del uso del sitio web www.stn-tressage.com.<\/p>\n\n<p><\/p>\n\n<h2 class=\"wp-block-heading\">7. GESTI\u00d3N DE DATOS PERSONALES<\/h2>\n\n<p>STN Tressage no almacena datos personales relativos a los usuarios que se conectan al sitio web www.stn-tressage.com.<\/p>\n\n<p><\/p>\n\n<h2 class=\"wp-block-heading\">8. ENLACES DE HIPERTEXTO Y COOKIES<\/h2>\n\n<p>Cookies instaladas por el sitio web<\/p>\n\n<p>La navegaci\u00f3n por el sitio web www.stn-tressage.com puede provocar la instalaci\u00f3n de cookies en el ordenador del usuario.<br\/>Una cookie es un peque\u00f1o archivo que no permite identificar al usuario, pero que registra informaci\u00f3n relativa a la navegaci\u00f3n de un ordenador en un sitio. Los datos obtenidos de este modo est\u00e1n destinados a facilitar la navegaci\u00f3n posterior por el sitio y tambi\u00e9n se utilizan para medir el n\u00famero de visitantes.<\/p>\n\n<p>En el sitio web www.stn-tressage.com se utilizan cookies anal\u00edticas.<\/p>\n\n<p>No obstante, el usuario puede configurar su ordenador de la siguiente manera para rechazar la instalaci\u00f3n de cookies:<\/p>\n\n<p>En Internet Explorer: pesta\u00f1a Herramientas (icono en forma de rueda arriba a la derecha) \/ Opciones de Internet. Haga clic en Confidencialidad y elija Bloquear todas las cookies. Pulse OK para confirmar.<\/p>\n\n<p>Firefox: en la parte superior de la ventana del navegador, haga clic en el bot\u00f3n Firefox y, a continuaci\u00f3n, vaya a la pesta\u00f1a Opciones. Haga clic en la pesta\u00f1a Privacidad. Establezca las reglas de retenci\u00f3n en: utilizar una configuraci\u00f3n personalizada para el historial. Por \u00faltimo, desmarque la casilla para desactivar las cookies.<\/p>\n\n<p>En Safari: haga clic en el icono de men\u00fa (simbolizado por una rueda dentada) situado en la parte superior derecha del navegador. Selecciona Ajustes.<br\/>Haga clic en Mostrar configuraci\u00f3n avanzada. En la secci\u00f3n \u00abConfidencialidad\u00bb, haga clic en Configuraci\u00f3n del contenido. En la secci\u00f3n \u00abCookies\u00bb, puede bloquear las cookies.<\/p>\n\n<p>Cookies de Google Analytics<br\/>Los datos recogidos a trav\u00e9s de las cookies colocadas por este blog son recogidos por Google Analytics. Puede consultar la pol\u00edtica de privacidad de Google Analytics aqu\u00ed.<br\/>Si desea ver en detalle c\u00f3mo se utilizan las cookies de Google Analytics.<\/p>\n\n<p>Cookies instaladas por Google Analytics :<br\/>_ga<br\/>_gat<\/p>\n\n<p><\/p>\n\n<h2 class=\"wp-block-heading\">9. LEY APLICABLE Y JURISDICCI\u00d3N<\/h2>\n\n<p>Cualquier litigio relacionado con el uso del sitio web www.stn-tressage.com est\u00e1 sujeto a la legislaci\u00f3n francesa. En el caso de las personas f\u00edsicas, la competencia exclusiva se atribuye al tribunal competente del domicilio del defensor o, en el caso de las personas jur\u00eddicas, del lugar donde se encuentre la sede social.<\/p>\n\n<h2 class=\"wp-block-heading\">10. PRINCIPALES LEYES AFECTADAS<\/h2>\n\n<p>Ley n\u00ba 78-17 de 6 de enero de 1978, modificada por la Ley n\u00ba 2004-801 de 6 de agosto de 2004 relativa a la inform\u00e1tica, los ficheros y las libertades.<\/p>\n\n<p><\/p>\n\n<h2 class=\"wp-block-heading\">11. DERECHOS DEL USUARIO<\/h2>\n\n<p>Para ejercer cualquiera de estos derechos, el Usuario deber\u00e1 enviar una solicitud a STN Tressage, bien por correo con acuse de recibo, a la siguiente direcci\u00f3n: STN Tressage &#8211; 4 B RUE AMPERE 59560 COMINES, bien por correo electr\u00f3nico, a la siguiente direcci\u00f3n: contact@stn-tressage.com.<br\/><br\/>STN Tressage se compromete a acusar recibo de cualquier solicitud realizada en este sentido por un Usuario y a tramitarla con la mayor brevedad posible.<br\/>Los usuarios tienen derecho a presentar una reclamaci\u00f3n ante una Autoridad de Control, por ejemplo, la CNIL en Francia, o a inscribirse en la lista telef\u00f3nica antisolicitud de Bloctel, para dejar de ser contactados por empresas de las que los usuarios no son clientes.<br\/>Como recordatorio, de acuerdo con el RGPD, los Usuarios tienen derecho a:<\/p>\n\n<ul class=\"wp-block-list\">\n<li>obtener confirmaci\u00f3n de si se est\u00e1n tratando o no Datos Personales y, en caso afirmativo, acceder a dichos Datos Personales,<\/li>\n\n\n\n<li>rectificar los Datos Personales que sean inexactos y completarlos de conformidad con los fines del Tratamiento,<\/li>\n\n\n\n<li>obtener la supresi\u00f3n de los Datos Personales, en particular cuando:<br\/>los Datos Personales ya no son necesarios para los fines para los que fueron tratados,<\/li>\n\n\n\n<li>los Datos Personales han sido tratados ilegalmente,<\/li>\n\n\n\n<li>Los Datos Personales deben suprimirse para cumplir una obligaci\u00f3n legal,<\/li>\n\n\n\n<li>limitar el Tratamiento de sus Datos Personales, en particular cuando se impugne su exactitud o el Tratamiento sea il\u00edcito,<\/li>\n\n\n\n<li>a la portabilidad de los Datos Personales, es decir, el derecho a recibir Datos Personales,<\/li>\n\n\n\n<li>en un formato estructurado, de uso com\u00fan y lectura mec\u00e1nica, con el fin de transmitirlos a otro responsable del tratamiento, siempre que el Tratamiento de Datos Personales en cuesti\u00f3n se lleve a cabo mediante procesos automatizados (inform\u00e1ticos).<\/li>\n<\/ul>\n\n<p><\/p>\n\n<h2 class=\"wp-block-heading\">12. LEXICON<\/h2>\n\n<p>Usuario: Internauta que se conecta y utiliza el sitio mencionado.<br\/>Datos personales: \u00abinformaci\u00f3n que permite, en cualquier forma, directa o indirectamente, la identificaci\u00f3n de las personas f\u00edsicas a las que se aplica\u00bb (art\u00edculo 4 de la ley n\u00ba 78-17 de 6 de enero de 1978).<br\/>GDPR: Reglamento (UE) n\u00ba 2016\/679 del Parlamento Europeo y del Consejo de 27 de abril de 2016 (conocido como \u00abReglamento General de Protecci\u00f3n de Datos\u00bb).<\/p>\n","protected":false},"excerpt":{"rendered":"<p>1. PRESENTACI\u00d3N DEL SITIO Propietario: STN Tressage &#8211; 4B rue amp\u00e8re 59560 CominesTel. +33 (0)3.20.39.36.63Correo electr\u00f3nico: contact@stn-tressage.comNombre de la empresa: STN TRESSAGE SAS con capital de 1.000.000,00 euros, bajo el n\u00famero de sirena 513435354 y el n\u00famero de sirena 51343535400024 Director de la publicaci\u00f3n: Sr. Mathias FauchilleWebmaster: Agence la Cocotte &#8211; contact@agence-lacocotte.frIONOS SARL SARL au [&hellip;]<\/p>\n","protected":false},"author":1,"featured_media":0,"parent":0,"menu_order":0,"comment_status":"closed","ping_status":"closed","template":"template-pages\/mentions.php","meta":{"_acf_changed":false,"inline_featured_image":false,"footnotes":""},"class_list":["post-2043","page","type-page","status-publish","hentry"],"acf":[],"_links":{"self":[{"href":"https:\/\/www.stn-tressage.com\/es\/wp-json\/wp\/v2\/pages\/2043","targetHints":{"allow":["GET"]}}],"collection":[{"href":"https:\/\/www.stn-tressage.com\/es\/wp-json\/wp\/v2\/pages"}],"about":[{"href":"https:\/\/www.stn-tressage.com\/es\/wp-json\/wp\/v2\/types\/page"}],"author":[{"embeddable":true,"href":"https:\/\/www.stn-tressage.com\/es\/wp-json\/wp\/v2\/users\/1"}],"replies":[{"embeddable":true,"href":"https:\/\/www.stn-tressage.com\/es\/wp-json\/wp\/v2\/comments?post=2043"}],"version-history":[{"count":1,"href":"https:\/\/www.stn-tressage.com\/es\/wp-json\/wp\/v2\/pages\/2043\/revisions"}],"predecessor-version":[{"id":2045,"href":"https:\/\/www.stn-tressage.com\/es\/wp-json\/wp\/v2\/pages\/2043\/revisions\/2045"}],"wp:attachment":[{"href":"https:\/\/www.stn-tressage.com\/es\/wp-json\/wp\/v2\/media?parent=2043"}],"curies":[{"name":"wp","href":"https:\/\/api.w.org\/{rel}","templated":true}]}}